{"id":236,"date":"2015-03-31T18:56:27","date_gmt":"2015-03-31T16:56:27","guid":{"rendered":"https:\/\/beta.sebastianmatthias.com\/?page_id=236"},"modified":"2016-03-21T17:01:54","modified_gmt":"2016-03-21T16:01:54","slug":"maneuvers-groove-space-2014","status":"publish","type":"page","link":"https:\/\/www.sebastianmatthias.com\/en\/works\/maneuvers-groove-space-2014\/","title":{"rendered":"MANEUVERS \/ GROOVE SPACE"},"content":{"rendered":"<p>As inhabitants of cities we are constantly moving within a daily choreography that goes far beyond a planned order. Relations between gazes and actions are crossing over and keep creating new constellations that alter the whole environment with such complexity that no overview can be made. These dynamic organisational structures of urban spaces tackle questions that help to think choreography and participation in a new and different way. What kind of performative assemblies can we create together and how can the audience support the choreography without becoming performers themselves?<\/p>\n<p>In maneuvers \/ groove space, the second part of the 3 year research and performance series, Sebastian Matthias\u2019s Berlin based team of dancers meets Swiss performance artist Nino Baumgartner in Z\u00fcrich. In his tactical performance actions (maneuvers) he constantly crosses and reorganises the space. In this setting, Paul Norman explores the creation and support of comfort through his live performed composition. Together, maneuvers, dance and sound are looking for their resonance with the urban groove that surrounds them.<\/p>\n<p>Produced by Sebastian Matthias in Coproduction with Gessnerallee Z\u00fcrich.<br \/>\nFunded by Stadt Z\u00fcrich Kultur, Fachstelle Kultur Kanton Z\u00fcrich and Fondation Nestl\u00e9 pour l\u2019Art.<br \/>\nThe Basel version of maneuvers \/ groove space at Museum Tinguely\u00a0was coproduced by Kaserne Basel and Museum Tinguely Basel\u00a0and funded by Migros Basel, Kanton Basel-Stadt and Kanton Basel-Landschaft.<\/p>","protected":false},"excerpt":{"rendered":"<p>As inhabitants of cities we are constantly moving within a daily choreography that goes far beyond a planned order. Relations between gazes and actions are crossing over and keep creating new constellations that alter the whole environment with such complexity that no overview can be made. These dynamic organisational structures of urban spaces tackle questions [&hellip;]<\/p>\n","protected":false},"author":1,"featured_media":0,"parent":160,"menu_order":7,"comment_status":"closed","ping_status":"closed","template":"theme_productions_item.php","meta":[],"acf":[],"_links":{"self":[{"href":"https:\/\/www.sebastianmatthias.com\/en\/wp-json\/wp\/v2\/pages\/236"}],"collection":[{"href":"https:\/\/www.sebastianmatthias.com\/en\/wp-json\/wp\/v2\/pages"}],"about":[{"href":"https:\/\/www.sebastianmatthias.com\/en\/wp-json\/wp\/v2\/types\/page"}],"author":[{"embeddable":true,"href":"https:\/\/www.sebastianmatthias.com\/en\/wp-json\/wp\/v2\/users\/1"}],"replies":[{"embeddable":true,"href":"https:\/\/www.sebastianmatthias.com\/en\/wp-json\/wp\/v2\/comments?post=236"}],"version-history":[{"count":30,"href":"https:\/\/www.sebastianmatthias.com\/en\/wp-json\/wp\/v2\/pages\/236\/revisions"}],"predecessor-version":[{"id":980,"href":"https:\/\/www.sebastianmatthias.com\/en\/wp-json\/wp\/v2\/pages\/236\/revisions\/980"}],"up":[{"embeddable":true,"href":"https:\/\/www.sebastianmatthias.com\/en\/wp-json\/wp\/v2\/pages\/160"}],"wp:attachment":[{"href":"https:\/\/www.sebastianmatthias.com\/en\/wp-json\/wp\/v2\/media?parent=236"}],"curies":[{"name":"wp","href":"https:\/\/api.w.org\/{rel}","templated":true}]}}